{"id":447,"date":"2023-09-18T15:13:37","date_gmt":"2023-09-18T13:13:37","guid":{"rendered":"https:\/\/apexelon.com\/impressum\/"},"modified":"2023-12-12T13:29:03","modified_gmt":"2023-12-12T11:29:03","slug":"impressum","status":"publish","type":"page","link":"https:\/\/apexelon.com\/de\/impressum\/","title":{"rendered":"Impressum"},"content":{"rendered":"\n<div class=\"wp-block-stackable-columns stk-block-columns stk-block stk-ee2311f\" data-block-id=\"ee2311f\"><div class=\"stk-row stk-inner-blocks stk-block-content stk-content-align stk-ee2311f-column\">\n<div class=\"wp-block-stackable-column stk-block-column stk-column stk-block stk-ebc33c8\" data-v=\"4\" data-block-id=\"ebc33c8\"><style>.stk-ebc33c8-container{border-top-left-radius:4px !important;border-top-right-radius:4px !important;border-bottom-right-radius:4px !important;border-bottom-left-radius:4px !important;overflow:hidden !important;box-shadow:2px 4px 12px 0px rgba(0,0,0,0.4) !important}<\/style><div class=\"stk-column-wrapper stk-block-column__content stk-container stk-ebc33c8-container stk-hover-parent\"><div class=\"stk-block-content stk-inner-blocks stk-ebc33c8-inner-blocks\">\n<p>Diese Website ist Eigentum von Apexelon Ltd (\u201ewir\u201c, \u201euns\u201c oder \u201eunsere\u201c) und wird von ihr betrieben. Durch den Zugriff auf oder die Nutzung dieser Website erkl\u00e4ren Sie sich mit den folgenden Bedingungen einverstanden und an diese gebunden:<\/p>\n\n\n\n<p><strong>1. Nutzung der Website<\/strong><\/p>\n\n\n\n<p>Sie erkl\u00e4ren sich damit einverstanden, diese Website nur f\u00fcr rechtm\u00e4\u00dfige Zwecke und in einer Weise zu nutzen, die nicht die Rechte Dritter verletzt oder gegen geltende Gesetze und Vorschriften verst\u00f6\u00dft.<\/p>\n\n\n\n<p><strong>2. Urheberrechtshinweis<\/strong><\/p>\n\n\n\n<p>Der gesamte Inhalt dieser Website, einschlie\u00dflich, aber nicht beschr\u00e4nkt auf Texte, Bilder, Grafiken, Logos und andere Materialien, ist durch das Urheberrecht und andere Gesetze zum Schutz des geistigen Eigentums gesch\u00fctzt. Ohne unsere vorherige schriftliche Zustimmung d\u00fcrfen Sie Inhalte dieser Website nicht reproduzieren, verbreiten, \u00e4ndern oder anderweitig nutzen. <\/p>\n\n\n\n<p><strong>3. Haftungsausschluss<\/strong><\/p>\n\n\n\n<p>Die auf dieser Website bereitgestellten Informationen dienen ausschlie\u00dflich allgemeinen Informationszwecken. Wir geben keinerlei Zusicherungen oder Gew\u00e4hrleistungen jeglicher Art, weder ausdr\u00fccklich noch stillschweigend, hinsichtlich der Genauigkeit, Vollst\u00e4ndigkeit, Zuverl\u00e4ssigkeit oder Eignung der auf dieser Website enthaltenen Informationen. Die Nutzung dieser Website und der darin enthaltenen Informationen erfolgt auf Ihr eigenes Risiko.  <\/p>\n\n\n\n<p><strong>4. Datenschutzrichtlinie<\/strong><\/p>\n\n\n\n<p>Wir erheben und verarbeiten personenbezogene Daten gem\u00e4\u00df unserer Datenschutzrichtlinie, die auf dieser Website verf\u00fcgbar ist. Durch die Nutzung dieser Website stimmen Sie der Erfassung und Verarbeitung Ihrer personenbezogenen Daten wie in der Datenschutzrichtlinie beschrieben zu.<\/p>\n\n\n\n<p><strong>5. Links zu anderen Webseiten<\/strong><\/p>\n\n\n\n<p>Unsere Website enth\u00e4lt evtl. Links zu externen Webseiten Dritter, auf deren Inhalte wir keinen Einfluss haben und f\u00fcr diese Inhalte auch keine Gew\u00e4hr \u00fcbernehmen. F\u00fcr die Inhalte der verlinkten Seiten ist stets der jeweilige Anbieter oder Betreiber der Seiten verantwortlich. Die verlinkten Seiten wurden zum Zeitpunkt der Verlinkung auf m\u00f6gliche Rechtsverst\u00f6\u00dfe \u00fcberpr\u00fcft. Rechtswidrige Inhalte waren zum Zeitpunkt der Verlinkung nicht erkennbar. Eine permanente inhaltliche Kontrolle der verlinkten Seiten ist jedoch ohne konkrete Anhaltspunkte einer Rechtsverletzung nicht zumutbar. Bei Bekanntwerden von Rechtsverletzungen werden wir derartige Links umgehend entfernen.  <\/p>\n\n\n\n<p><strong>6. Haftungsbeschr\u00e4nkung<\/strong><\/p>\n\n\n\n<p>Soweit gesetzlich zul\u00e4ssig, haften wir nicht f\u00fcr direkte, indirekte, zuf\u00e4llige, besondere, Folge- oder Strafsch\u00e4den, die sich aus oder im Zusammenhang mit Ihrer Nutzung dieser Website oder der darin enthaltenen Informationen ergeben.<\/p>\n\n\n\n<p><strong>7. \u00c4nderungen der Allgemeinen Gesch\u00e4ftsbedingungen<\/strong><\/p>\n\n\n\n<p>Wir behalten uns das Recht vor, diese Allgemeinen Gesch\u00e4ftsbedingungen jederzeit zu \u00e4ndern oder zu \u00fcberarbeiten. Bitte \u00fcberpr\u00fcfen Sie diese Allgemeinen Gesch\u00e4ftsbedingungen regelm\u00e4\u00dfig auf \u00c4nderungen. Durch Ihre fortgesetzte Nutzung dieser Website nach etwaigen \u00c4nderungen oder \u00dcberarbeitungen erkl\u00e4ren Sie sich mit diesen Gesch\u00e4ftsbedingungen einverstanden.<\/p>\n\n\n\n<p><strong>8. Anwendbares Recht<\/strong><\/p>\n\n\n\n<p>Diese Allgemeinen Gesch\u00e4ftsbedingungen unterliegen den Gesetzen Zyperns und werden in \u00dcbereinstimmung mit diesen ausgelegt. Alle Streitigkeiten, die sich aus oder im Zusammenhang mit diesen Allgemeinen Gesch\u00e4ftsbedingungen ergeben, unterliegen der ausschlie\u00dflichen Zust\u00e4ndigkeit der Gerichte Zyperns.<\/p>\n\n\n\n<p>Wenn Sie Fragen oder Bedenken zu diesem rechtlichen Hinweis haben, kontaktieren Sie uns bitte unter:<\/p>\n\n\n\n<p>Apexelon Ltd (CY) <br>Agias Zonis 34B <br>3027 Limassol <br>Zypern<\/p>\n\n\n\n<p>Tel.: +357 99679750<br>E-Mail: contact@apexelon.com<\/p>\n\n\n\n<p>Vertreten durch das Vorstandsmitglied:<br>Demetra Evagorou<\/p>\n<\/div><\/div><\/div>\n<\/div><\/div>\n","protected":false},"excerpt":{"rendered":"<p>Diese Website ist Eigentum von Apexelon Ltd (\u201ewir\u201c, \u201euns\u201c oder \u201eunsere\u201c) und wird von ihr betrieben. Durch den Zugriff auf oder die Nutzung dieser Website erkl\u00e4ren Sie sich mit den folgenden Bedingungen einverstanden und an diese gebunden: 1. Nutzung der Website Sie erkl\u00e4ren sich damit einverstanden, diese Website nur f\u00fcr rechtm\u00e4\u00dfige Zwecke und in einer [&hellip;]<\/p>\n","protected":false},"author":1,"featured_media":0,"parent":0,"menu_order":0,"comment_status":"closed","ping_status":"closed","template":"","meta":{"slim_seo":{"title":"Impressum - Apexelon Ltd","description":"Diese Website ist Eigentum von Apexelon Ltd (\u201ewir\u201c, \u201euns\u201c oder \u201eunsere\u201c) und wird von ihr betrieben. Durch den Zugriff auf oder die Nutzung dieser Website erkl\u00e4"},"footnotes":""},"class_list":["post-447","page","type-page","status-publish","hentry"],"blocksy_meta":[],"_links":{"self":[{"href":"https:\/\/apexelon.com\/de\/wp-json\/wp\/v2\/pages\/447","targetHints":{"allow":["GET"]}}],"collection":[{"href":"https:\/\/apexelon.com\/de\/wp-json\/wp\/v2\/pages"}],"about":[{"href":"https:\/\/apexelon.com\/de\/wp-json\/wp\/v2\/types\/page"}],"author":[{"embeddable":true,"href":"https:\/\/apexelon.com\/de\/wp-json\/wp\/v2\/users\/1"}],"replies":[{"embeddable":true,"href":"https:\/\/apexelon.com\/de\/wp-json\/wp\/v2\/comments?post=447"}],"version-history":[{"count":2,"href":"https:\/\/apexelon.com\/de\/wp-json\/wp\/v2\/pages\/447\/revisions"}],"predecessor-version":[{"id":540,"href":"https:\/\/apexelon.com\/de\/wp-json\/wp\/v2\/pages\/447\/revisions\/540"}],"wp:attachment":[{"href":"https:\/\/apexelon.com\/de\/wp-json\/wp\/v2\/media?parent=447"}],"curies":[{"name":"wp","href":"https:\/\/api.w.org\/{rel}","templated":true}]}}